{"id":399,"date":"2025-09-29T12:59:24","date_gmt":"2025-09-29T12:59:24","guid":{"rendered":"https:\/\/temporary-showroom.de\/Webshop\/?post_type=product&#038;p=399"},"modified":"2025-09-29T13:00:19","modified_gmt":"2025-09-29T13:00:19","slug":"aufnaeher-buegelbild-v-for-vendetta-anonymous","status":"publish","type":"product","link":"https:\/\/temporary-showroom.de\/Webshop\/shop\/assecoires\/patches\/aufnaeher-buegelbild-v-for-vendetta-anonymous\/","title":{"rendered":"Aufn\u00e4her \/ B\u00fcgelbild &#8211; V For VENDETTA Anonymous"},"content":{"rendered":"<p>Veredeln oder reparieren Sie Ihre Textilien, wie Jeans, Jacken, Hosen, T-Shirts, Pullover, Sweat-Shirts, Schals, Rucksack, T\u00fccher, Taschen, M\u00fctzen, Schult\u00fcten, Kissen, Decken, Westen etc. &#8211; Versch\u00f6nern sie eint\u00f6nige Kleidung zum Eyecatcher.<\/p>\n","protected":false},"excerpt":{"rendered":"<p>Veredeln oder reparieren Sie Ihre Textilien, wie Jeans, Jacken, Hosen, T-Shirts, Pullover, Sweat-Shirts, Schals, Rucksack, T\u00fccher, Taschen, M\u00fctzen, Schult\u00fcten, Kissen, Decken, Westen etc. &#8211; Versch\u00f6nern sie eint\u00f6nige Kleidung zum Eyecatcher.<\/p>\n","protected":false},"featured_media":447,"comment_status":"open","ping_status":"closed","template":"","meta":{"_exactmetrics_skip_tracking":false,"_exactmetrics_sitenote_active":false,"_exactmetrics_sitenote_note":"","_exactmetrics_sitenote_category":0},"product_brand":[],"product_cat":[44,53],"product_tag":[],"class_list":{"0":"post-399","1":"product","2":"type-product","3":"status-publish","4":"has-post-thumbnail","6":"product_cat-assecoires","7":"product_cat-patches","9":"first","10":"instock","11":"shipping-taxable","12":"purchasable","13":"product-type-simple"},"_links":{"self":[{"href":"https:\/\/temporary-showroom.de\/Webshop\/wp-json\/wp\/v2\/product\/399","targetHints":{"allow":["GET"]}}],"collection":[{"href":"https:\/\/temporary-showroom.de\/Webshop\/wp-json\/wp\/v2\/product"}],"about":[{"href":"https:\/\/temporary-showroom.de\/Webshop\/wp-json\/wp\/v2\/types\/product"}],"replies":[{"embeddable":true,"href":"https:\/\/temporary-showroom.de\/Webshop\/wp-json\/wp\/v2\/comments?post=399"}],"wp:featuredmedia":[{"embeddable":true,"href":"https:\/\/temporary-showroom.de\/Webshop\/wp-json\/wp\/v2\/media\/447"}],"wp:attachment":[{"href":"https:\/\/temporary-showroom.de\/Webshop\/wp-json\/wp\/v2\/media?parent=399"}],"wp:term":[{"taxonomy":"product_brand","embeddable":true,"href":"https:\/\/temporary-showroom.de\/Webshop\/wp-json\/wp\/v2\/product_brand?post=399"},{"taxonomy":"product_cat","embeddable":true,"href":"https:\/\/temporary-showroom.de\/Webshop\/wp-json\/wp\/v2\/product_cat?post=399"},{"taxonomy":"product_tag","embeddable":true,"href":"https:\/\/temporary-showroom.de\/Webshop\/wp-json\/wp\/v2\/product_tag?post=399"}],"curies":[{"name":"wp","href":"https:\/\/api.w.org\/{rel}","templated":true}]}}