{"id":12,"date":"2025-10-21T12:19:26","date_gmt":"2025-10-21T12:19:26","guid":{"rendered":"https:\/\/temporary-showroom.de\/Webshop\/?page_id=12"},"modified":"2025-10-22T11:33:46","modified_gmt":"2025-10-22T11:33:46","slug":"rueckerstattung_rueckgaben","status":"publish","type":"page","link":"https:\/\/temporary-showroom.de\/Webshop\/rueckerstattung_rueckgaben\/","title":{"rendered":"Richtlinie f\u00fcr R\u00fcckerstattungen und R\u00fcckgaben"},"content":{"rendered":"\n<p>\u00dcbersicht<\/p>\n\n\n\n<p>Unsere R\u00fcckerstattungs- und R\u00fcckgabebedingungen gelten f\u00fcr einen Zeitraum von 30 Tagen. Wenn seit Ihrem Kauf mehr als 30 Tage vergangen sind, k\u00f6nnen wir Ihnen keine vollst\u00e4ndige R\u00fcckerstattung oder einen Umtausch anbieten.<\/p>\n\n\n\n<p>Um f\u00fcr eine R\u00fcckgabe in Frage zu kommen, muss Ihr Artikel unbenutzt und in dem Zustand sein, in dem Sie ihn erhalten haben. <\/p>\n\n\n\n<p>Einige Arten von Waren sind von der R\u00fcckgabe ausgeschlossen. <\/p>\n\n\n\n<p>Geschenkkarten<\/p>\n\n\n\n<p>Herunterladbare Softwareprodukte<\/p>\n\n\n\n<p>Einige Gesundheits- und K\u00f6rperpflegeartikel<\/p>\n\n\n\n<p>Um Ihre R\u00fccksendung abzuschlie\u00dfen, ben\u00f6tigen wir eine Quittung oder einen Kaufbeleg.<\/p>\n\n\n\n<p>Bitte senden Sie Ihren Kauf nicht an den Hersteller zur\u00fcck.<\/p>\n\n\n\n<p>In bestimmten Situationen werden nur teilweise R\u00fcckerstattungen gew\u00e4hrt:<\/p>\n\n\n\n<p><\/p>\n\n\n\n<p>Alle Artikel, die sich nicht im Originalzustand befinden, besch\u00e4digt sind oder Teile fehlen, ohne dass dies auf unser Verschulden zur\u00fcckzuf\u00fchren ist.<\/p>\n\n\n\n<p>Alle Artikel, die mehr als 30 Tage nach der Lieferung zur\u00fcckgesandt werden<\/p>\n\n\n\n<p>R\u00fcckerstattungen<\/p>\n\n\n\n<p>Sobald Ihre R\u00fccksendung eingegangen und gepr\u00fcft wurde, senden wir Ihnen eine E-Mail, um Sie dar\u00fcber zu informieren, dass wir Ihren zur\u00fcckgesandten Artikel erhalten haben. Wir werden Sie auch \u00fcber die Genehmigung oder Ablehnung Ihrer R\u00fcckerstattung informieren.<\/p>\n\n\n\n<p>Wenn Ihre R\u00fcckerstattung genehmigt wurde, wird sie bearbeitet und automatisch Ihrer Kreditkarte oder der urspr\u00fcnglichen Zahlungsmethode gutgeschrieben, innerhalb von 2 Wochen.<\/p>\n\n\n\n<p><\/p>\n\n\n\n<h2 class=\"wp-block-heading\"><\/h2>\n","protected":false},"excerpt":{"rendered":"<p>\u00dcbersicht Unsere R\u00fcckerstattungs- und R\u00fcckgabebedingungen gelten f\u00fcr einen Zeitraum von 30 Tagen. Wenn seit Ihrem Kauf mehr als 30 Tage vergangen sind, k\u00f6nnen wir Ihnen keine vollst\u00e4ndige R\u00fcckerstattung oder einen Umtausch anbieten. Um f\u00fcr eine R\u00fcckgabe in Frage zu kommen, muss Ihr Artikel unbenutzt und in dem Zustand sein, in dem Sie ihn erhalten haben. [&hellip;]<\/p>\n","protected":false},"author":1,"featured_media":0,"parent":0,"menu_order":0,"comment_status":"closed","ping_status":"closed","template":"","meta":{"_exactmetrics_skip_tracking":false,"_exactmetrics_sitenote_active":false,"_exactmetrics_sitenote_note":"","_exactmetrics_sitenote_category":0,"footnotes":""},"class_list":["post-12","page","type-page","status-publish","hentry"],"_links":{"self":[{"href":"https:\/\/temporary-showroom.de\/Webshop\/wp-json\/wp\/v2\/pages\/12","targetHints":{"allow":["GET"]}}],"collection":[{"href":"https:\/\/temporary-showroom.de\/Webshop\/wp-json\/wp\/v2\/pages"}],"about":[{"href":"https:\/\/temporary-showroom.de\/Webshop\/wp-json\/wp\/v2\/types\/page"}],"author":[{"embeddable":true,"href":"https:\/\/temporary-showroom.de\/Webshop\/wp-json\/wp\/v2\/users\/1"}],"replies":[{"embeddable":true,"href":"https:\/\/temporary-showroom.de\/Webshop\/wp-json\/wp\/v2\/comments?post=12"}],"version-history":[{"count":3,"href":"https:\/\/temporary-showroom.de\/Webshop\/wp-json\/wp\/v2\/pages\/12\/revisions"}],"predecessor-version":[{"id":647,"href":"https:\/\/temporary-showroom.de\/Webshop\/wp-json\/wp\/v2\/pages\/12\/revisions\/647"}],"wp:attachment":[{"href":"https:\/\/temporary-showroom.de\/Webshop\/wp-json\/wp\/v2\/media?parent=12"}],"curies":[{"name":"wp","href":"https:\/\/api.w.org\/{rel}","templated":true}]}}